{"id":69,"date":"2018-01-02T20:44:39","date_gmt":"2018-01-02T20:44:39","guid":{"rendered":"http:\/\/www.sd-gorje.com\/?page_id=69"},"modified":"2025-03-05T11:37:03","modified_gmt":"2025-03-05T10:37:03","slug":"tekmovalci","status":"publish","type":"page","link":"https:\/\/www.sd-gorje.com\/?page_id=69","title":{"rendered":"Tekmovalci"},"content":{"rendered":"<ol>\n<li>Petra Race<\/li>\n<li>Domen Poto\u010dnik<\/li>\n<li>Miha Dov\u017ean<\/li>\n<li>Eva Urevc<\/li>\n<li>Miha Li\u010def<\/li>\n<li>Klara Vindi\u0161ar<\/li>\n<li>Alja\u017e Omejc<\/li>\n<li>Lara Hiti<\/li>\n<li>O\u017ebej Repe<\/li>\n<li>Timotej \u017demva<\/li>\n<li>Jure Larisi<\/li>\n<li>\u017diva Bijol<\/li>\n<li>Tara Torkar<\/li>\n<li>\u0160pela Lipovec<\/li>\n<li>Meta Mozeti\u010d<\/li>\n<li>Ne\u017ea Larisi<\/li>\n<li>Matic Sre\u010dko Mozeti\u010d<\/li>\n<li>Mirjam Toma\u017eevi\u010d<\/li>\n<li>Jo\u0161t Pogorevc<\/li>\n<li>Jakob Gomilar<\/li>\n<li>Ema \u017demva<\/li>\n<li>Tadeja \u017demva<\/li>\n<li>Jakob Poklukar<\/li>\n<li>Ne\u017ea Bijol<\/li>\n<li>Luka Pogorevc<\/li>\n<li>Matija Koro\u0161ec<\/li>\n<li>Katja Poklukar<\/li>\n<li>Bor Koro\u0161ec<\/li>\n<li>Tine Larisi<\/li>\n<li>Janez Troha<\/li>\n<li>Oskar Slivnik<\/li>\n<li>Urban Kosi<\/li>\n<li>Mina Rimahazi<\/li>\n<li>Meta Poklukar<\/li>\n<li>Katju\u0161a Pazlar<\/li>\n<li>Pavlina Pazlar<\/li>\n<\/ol>\n","protected":false},"excerpt":{"rendered":"<p>Petra Race Domen Poto\u010dnik Miha Dov\u017ean Eva Urevc Miha Li\u010def Klara Vindi\u0161ar Alja\u017e Omejc Lara Hiti O\u017ebej Repe Timotej \u017demva Jure Larisi \u017diva Bijol Tara Torkar \u0160pela Lipovec Meta Mozeti\u010d Ne\u017ea Larisi Matic Sre\u010dko Mozeti\u010d Mirjam Toma\u017eevi\u010d Jo\u0161t Pogorevc Jakob Gomilar Ema \u017demva Tadeja \u017demva Jakob Poklukar Ne\u017ea Bijol Luka<\/p>\n","protected":false},"author":1,"featured_media":0,"parent":0,"menu_order":0,"comment_status":"closed","ping_status":"closed","template":"","meta":{"footnotes":""},"class_list":["post-69","page","type-page","status-publish","hentry"],"_links":{"self":[{"href":"https:\/\/www.sd-gorje.com\/index.php?rest_route=\/wp\/v2\/pages\/69","targetHints":{"allow":["GET"]}}],"collection":[{"href":"https:\/\/www.sd-gorje.com\/index.php?rest_route=\/wp\/v2\/pages"}],"about":[{"href":"https:\/\/www.sd-gorje.com\/index.php?rest_route=\/wp\/v2\/types\/page"}],"author":[{"embeddable":true,"href":"https:\/\/www.sd-gorje.com\/index.php?rest_route=\/wp\/v2\/users\/1"}],"replies":[{"embeddable":true,"href":"https:\/\/www.sd-gorje.com\/index.php?rest_route=%2Fwp%2Fv2%2Fcomments&post=69"}],"version-history":[{"count":16,"href":"https:\/\/www.sd-gorje.com\/index.php?rest_route=\/wp\/v2\/pages\/69\/revisions"}],"predecessor-version":[{"id":34939,"href":"https:\/\/www.sd-gorje.com\/index.php?rest_route=\/wp\/v2\/pages\/69\/revisions\/34939"}],"wp:attachment":[{"href":"https:\/\/www.sd-gorje.com\/index.php?rest_route=%2Fwp%2Fv2%2Fmedia&parent=69"}],"curies":[{"name":"wp","href":"https:\/\/api.w.org\/{rel}","templated":true}]}}