{"id":2,"date":"2016-05-10T03:48:21","date_gmt":"2016-05-10T03:48:21","guid":{"rendered":"http:\/\/sd-gorje.com\/?page_id=2"},"modified":"2026-04-15T11:28:03","modified_gmt":"2026-04-15T09:28:03","slug":"sample-page","status":"publish","type":"page","link":"https:\/\/www.sd-gorje.com\/?page_id=2","title":{"rendered":"O dru\u0161tvu"},"content":{"rendered":"<p>\u0160portno dru\u0161tvo Gorje sestavlja 8 sekcij:<\/p>\n<ul>\n<li>tek na smu\u010deh in biatlon (Toma\u017e \u017demva)<\/li>\n<li>odbojka (Zdenka Repe)<\/li>\n<li>ko\u0161arka (Matja\u017e Li\u010def)<\/li>\n<li>nogomet (Nejc Zalokar)<\/li>\n<li>balinanje (Mitja Justin)<\/li>\n<li>rekreacija (Zdravko Zalokar)<\/li>\n<li>sprostitvena vadba (Neva Pan\u010dur)<\/li>\n<li>badminton (Barbara Slivnik)<\/li>\n<\/ul>\n<p>Predsednica dru\u0161tva je Renata Ambro\u017ei\u010d. (GSM: 031\/795214, <a href=\"mailto:rambrozic63@gmail.com\">po\u0161lji e-po\u0161to<\/a>)<\/p>\n<p>Mati\u010dna \u0161tevilka 5100151,<br \/>\nDav\u010dna \u0161tevilka 75749173, smo dav\u010dni zavezanec po zakonu o DDV;<br \/>\nTRR \u0161t.: 07000-0000476457 pri GB Kranj<\/p>\n","protected":false},"excerpt":{"rendered":"<p>\u0160portno dru\u0161tvo Gorje sestavlja 8 sekcij: tek na smu\u010deh in biatlon (Toma\u017e \u017demva) odbojka (Zdenka Repe) ko\u0161arka (Matja\u017e Li\u010def) nogomet (Nejc Zalokar) balinanje (Mitja Justin) rekreacija (Zdravko Zalokar) sprostitvena vadba (Neva Pan\u010dur) badminton (Barbara Slivnik) Predsednica dru\u0161tva je Renata Ambro\u017ei\u010d. (GSM: 031\/795214, po\u0161lji e-po\u0161to) Mati\u010dna \u0161tevilka 5100151, Dav\u010dna \u0161tevilka 75749173,<\/p>\n","protected":false},"author":1,"featured_media":0,"parent":0,"menu_order":0,"comment_status":"closed","ping_status":"open","template":"","meta":{"footnotes":""},"class_list":["post-2","page","type-page","status-publish","hentry"],"_links":{"self":[{"href":"https:\/\/www.sd-gorje.com\/index.php?rest_route=\/wp\/v2\/pages\/2","targetHints":{"allow":["GET"]}}],"collection":[{"href":"https:\/\/www.sd-gorje.com\/index.php?rest_route=\/wp\/v2\/pages"}],"about":[{"href":"https:\/\/www.sd-gorje.com\/index.php?rest_route=\/wp\/v2\/types\/page"}],"author":[{"embeddable":true,"href":"https:\/\/www.sd-gorje.com\/index.php?rest_route=\/wp\/v2\/users\/1"}],"replies":[{"embeddable":true,"href":"https:\/\/www.sd-gorje.com\/index.php?rest_route=%2Fwp%2Fv2%2Fcomments&post=2"}],"version-history":[{"count":11,"href":"https:\/\/www.sd-gorje.com\/index.php?rest_route=\/wp\/v2\/pages\/2\/revisions"}],"predecessor-version":[{"id":34950,"href":"https:\/\/www.sd-gorje.com\/index.php?rest_route=\/wp\/v2\/pages\/2\/revisions\/34950"}],"wp:attachment":[{"href":"https:\/\/www.sd-gorje.com\/index.php?rest_route=%2Fwp%2Fv2%2Fmedia&parent=2"}],"curies":[{"name":"wp","href":"https:\/\/api.w.org\/{rel}","templated":true}]}}