{"id":178,"date":"2018-04-23T13:42:37","date_gmt":"2018-04-23T11:42:37","guid":{"rendered":"http:\/\/www.sd-gorje.com\/?page_id=178"},"modified":"2024-03-27T14:29:28","modified_gmt":"2024-03-27T13:29:28","slug":"konjska-povorka","status":"publish","type":"page","link":"https:\/\/www.sd-gorje.com\/?page_id=178","title":{"rendered":"Konjska povorka"},"content":{"rendered":"<p>Spo\u0161tovani,<\/p>\n<p>zopet Vas vabimo v Gorje, na prireditev \u00bbJurjev semenj\u00ab, v po\u010dastitev godu Sv. Jurija za\u0161\u010ditnika konj, konjenikov in mnogih krajev, ki bo 27. in 28. aprila 2024 in \u0161e posebej v nedeljo na povorko z blagoslovom.<\/p>\n<p>\u0160tart povorke je, kot vsako leto, v nedeljo ob 11:15h, v Zg. Gorjah, hi\u0161na \u0161tevilka 3, blizu pokopali\u0161\u010da, na kri\u017ei\u0161\u010du za Mevku\u017e in Vi\u0161elnico.<\/p>\n<p>Prosimo vas, da nam izpolnjene prijavnice po\u0161ljete na naslov \u0160D Gorje ali sporo\u010dite podatke oziroma spremembe po telefonu 031\/325-391 ali e-po\u0161ti (zdenka.mandeljc@gmail.com).<\/p>\n<p><a href=\"http:\/\/www.sd-gorje.com\/wp-content\/uploads\/2024\/03\/POVORKA-2024-prijavnica-IDK.doc\">POVORKA 2024 prijavnica<\/a><\/p>\n<p>Vnaprej bomo pripravili \u0161tevilke, ki jo mora imeti vsak konj udele\u017een v povorki, \u0161opke in bone za malico in \u0161e govornik se bo la\u017eje pripravil za spremljanje povorke. Poleg tega moramo poslati spisek prijavljenih udele\u017eencev z njihovimi podatki na Veterinarsko upravo RS.<\/p>\n<p>Prijavnice boste lahko oddali ali izpolnili tudi na zbornem mestu ali na \u0161tartu povorke, kjer boste prejeli \u0161tevilke, \u0161opke in bone.<\/p>\n<p>Vabilo, prijavnice, program in ostalo o \u0160D Gorje najdete tudi na na\u0161i spletni strani. Zahvaljujemo se vam za razumevanje in sodelovanje!<\/p>\n","protected":false},"excerpt":{"rendered":"<p>Spo\u0161tovani, zopet Vas vabimo v Gorje, na prireditev \u00bbJurjev semenj\u00ab, v po\u010dastitev godu Sv. Jurija za\u0161\u010ditnika konj, konjenikov in mnogih krajev, ki bo 27. in 28. aprila 2024 in \u0161e posebej v nedeljo na povorko z blagoslovom. \u0160tart povorke je, kot vsako leto, v nedeljo ob 11:15h, v Zg. Gorjah,<\/p>\n","protected":false},"author":1,"featured_media":0,"parent":0,"menu_order":0,"comment_status":"closed","ping_status":"closed","template":"","meta":{"footnotes":""},"class_list":["post-178","page","type-page","status-publish","hentry"],"_links":{"self":[{"href":"https:\/\/www.sd-gorje.com\/index.php?rest_route=\/wp\/v2\/pages\/178","targetHints":{"allow":["GET"]}}],"collection":[{"href":"https:\/\/www.sd-gorje.com\/index.php?rest_route=\/wp\/v2\/pages"}],"about":[{"href":"https:\/\/www.sd-gorje.com\/index.php?rest_route=\/wp\/v2\/types\/page"}],"author":[{"embeddable":true,"href":"https:\/\/www.sd-gorje.com\/index.php?rest_route=\/wp\/v2\/users\/1"}],"replies":[{"embeddable":true,"href":"https:\/\/www.sd-gorje.com\/index.php?rest_route=%2Fwp%2Fv2%2Fcomments&post=178"}],"version-history":[{"count":12,"href":"https:\/\/www.sd-gorje.com\/index.php?rest_route=\/wp\/v2\/pages\/178\/revisions"}],"predecessor-version":[{"id":34927,"href":"https:\/\/www.sd-gorje.com\/index.php?rest_route=\/wp\/v2\/pages\/178\/revisions\/34927"}],"wp:attachment":[{"href":"https:\/\/www.sd-gorje.com\/index.php?rest_route=%2Fwp%2Fv2%2Fmedia&parent=178"}],"curies":[{"name":"wp","href":"https:\/\/api.w.org\/{rel}","templated":true}]}}